{"id":608,"date":"2023-02-08T19:59:10","date_gmt":"2023-02-08T19:59:10","guid":{"rendered":"https:\/\/www.tridensa.com.co\/?page_id=608"},"modified":"2023-02-08T20:55:55","modified_gmt":"2023-02-08T20:55:55","slug":"politica-de-tratamiento-de-datos","status":"publish","type":"page","link":"https:\/\/www.tridensa.com.co\/home\/politica-de-tratamiento-de-datos\/","title":{"rendered":"Politica de tratamiento de datos"},"content":{"rendered":"\t\t<div data-elementor-type=\"wp-page\" data-elementor-id=\"608\" class=\"elementor elementor-608\" data-elementor-post-type=\"page\">\n\t\t\t\t\t\t<section class=\"elementor-section elementor-top-section elementor-element elementor-element-fa67434 elementor-section-height-min-height elementor-section-boxed elementor-section-height-default elementor-section-items-middle\" data-id=\"fa67434\" data-element_type=\"section\" data-e-type=\"section\" data-settings=\"{&quot;background_background&quot;:&quot;classic&quot;}\">\n\t\t\t\t\t\t<div class=\"elementor-container elementor-column-gap-default\">\n\t\t\t\t\t<div class=\"elementor-column elementor-col-50 elementor-top-column elementor-element elementor-element-380927aa\" data-id=\"380927aa\" data-element_type=\"column\" data-e-type=\"column\">\n\t\t\t<div class=\"elementor-widget-wrap elementor-element-populated\">\n\t\t\t\t\t\t<div class=\"elementor-element elementor-element-1c81b848 e-transform e-transform elementor-widget elementor-widget-image\" data-id=\"1c81b848\" data-element_type=\"widget\" data-e-type=\"widget\" data-settings=\"{&quot;_transform_scale_effect&quot;:{&quot;unit&quot;:&quot;px&quot;,&quot;size&quot;:1,&quot;sizes&quot;:[]},&quot;_transform_scale_effect_hover&quot;:{&quot;unit&quot;:&quot;px&quot;,&quot;size&quot;:1,&quot;sizes&quot;:[]},&quot;_transform_scale_effect_tablet&quot;:{&quot;unit&quot;:&quot;px&quot;,&quot;size&quot;:&quot;&quot;,&quot;sizes&quot;:[]},&quot;_transform_scale_effect_mobile&quot;:{&quot;unit&quot;:&quot;px&quot;,&quot;size&quot;:&quot;&quot;,&quot;sizes&quot;:[]},&quot;_transform_scale_effect_hover_tablet&quot;:{&quot;unit&quot;:&quot;px&quot;,&quot;size&quot;:&quot;&quot;,&quot;sizes&quot;:[]},&quot;_transform_scale_effect_hover_mobile&quot;:{&quot;unit&quot;:&quot;px&quot;,&quot;size&quot;:&quot;&quot;,&quot;sizes&quot;:[]}}\" data-widget_type=\"image.default\">\n\t\t\t\t<div class=\"elementor-widget-container\">\n\t\t\t\t\t\t\t\t\t\t\t\t\t\t\t<img fetchpriority=\"high\" decoding=\"async\" width=\"562\" height=\"146\" src=\"https:\/\/www.tridensa.com.co\/wp-content\/uploads\/2023\/02\/logo-color.png\" class=\"attachment-full size-full wp-image-609\" alt=\"Tridensa, servicios integrales\" srcset=\"https:\/\/www.tridensa.com.co\/wp-content\/uploads\/2023\/02\/logo-color.png 562w, https:\/\/www.tridensa.com.co\/wp-content\/uploads\/2023\/02\/logo-color-300x78.png 300w, https:\/\/www.tridensa.com.co\/wp-content\/uploads\/2023\/02\/logo-color-350x91.png 350w\" sizes=\"100vw\" \/>\t\t\t\t\t\t\t\t\t\t\t\t\t\t\t<\/div>\n\t\t\t\t<\/div>\n\t\t\t\t\t<\/div>\n\t\t<\/div>\n\t\t\t\t<div class=\"elementor-column elementor-col-50 elementor-top-column elementor-element elementor-element-6f7f4c43\" data-id=\"6f7f4c43\" data-element_type=\"column\" data-e-type=\"column\">\n\t\t\t<div class=\"elementor-widget-wrap elementor-element-populated\">\n\t\t\t\t\t\t<div class=\"elementor-element elementor-element-22a21cb5 elementor-widget elementor-widget-ekit-nav-menu\" data-id=\"22a21cb5\" data-element_type=\"widget\" data-e-type=\"widget\" data-widget_type=\"ekit-nav-menu.default\">\n\t\t\t\t<div class=\"elementor-widget-container\">\n\t\t\t\t\t\t\t<nav class=\"ekit-wid-con ekit_menu_responsive_tablet\"\n\t\t\tdata-hamburger-icon=\"\"\n\t\t\tdata-hamburger-icon-type=\"icon\"\n\t\t\tdata-responsive-breakpoint=\"1024\">\n\t\t\t            <button class=\"elementskit-menu-hamburger elementskit-menu-toggler\"  type=\"button\" aria-label=\"hamburger-icon\">\n                                    <span class=\"elementskit-menu-hamburger-icon\"><\/span><span class=\"elementskit-menu-hamburger-icon\"><\/span><span class=\"elementskit-menu-hamburger-icon\"><\/span>\n                            <\/button>\n            <div id=\"ekit-megamenu-menu-secundario\" class=\"elementskit-menu-container elementskit-menu-offcanvas-elements elementskit-navbar-nav-default ekit-nav-menu-one-page-no ekit-nav-dropdown-hover\"><ul id=\"menu-menu-secundario\" class=\"elementskit-navbar-nav elementskit-menu-po-right submenu-click-on-icon\"><li id=\"menu-item-652\" class=\"menu-item menu-item-type-post_type menu-item-object-page menu-item-home menu-item-652 nav-item elementskit-mobile-builder-content\" data-vertical-menu=750px><a href=\"https:\/\/www.tridensa.com.co\/home\/\" class=\"ekit-menu-nav-link\">inicio<\/a><\/li>\n<li id=\"menu-item-653\" class=\"menu-item menu-item-type-post_type menu-item-object-page menu-item-privacy-policy menu-item-653 nav-item elementskit-mobile-builder-content\" data-vertical-menu=750px><a href=\"https:\/\/www.tridensa.com.co\/home\/politica-de-tratamiento-de-datos\/\" class=\"ekit-menu-nav-link\">Politica de tratamiento de datos<\/a><\/li>\n<li id=\"menu-item-672\" class=\"menu-item menu-item-type-post_type menu-item-object-page menu-item-672 nav-item elementskit-mobile-builder-content\" data-vertical-menu=750px><a href=\"https:\/\/www.tridensa.com.co\/home\/terminos-y-condiciones\/\" class=\"ekit-menu-nav-link\">Terminos &#038; condiciones<\/a><\/li>\n<\/ul><div class=\"elementskit-nav-identity-panel\"><a class=\"elementskit-nav-logo\" href=\"https:\/\/www.tridensa.com.co\/home\" target=\"\" rel=\"\"><img src=\"https:\/\/www.tridensa.com.co\/wp-content\/uploads\/2023\/01\/Logo2.png\" title=\"Logo2.png\" alt=\"Logo2.png\" decoding=\"async\" \/><\/a><button class=\"elementskit-menu-close elementskit-menu-toggler\" type=\"button\">X<\/button><\/div><\/div>\n\t\t\t<div class=\"elementskit-menu-overlay elementskit-menu-offcanvas-elements elementskit-menu-toggler ekit-nav-menu--overlay\"><\/div>        <\/nav>\n\t\t\t\t\t\t<\/div>\n\t\t\t\t<\/div>\n\t\t\t\t\t<\/div>\n\t\t<\/div>\n\t\t\t\t\t<\/div>\n\t\t<\/section>\n\t\t\t\t<section class=\"elementor-section elementor-top-section elementor-element elementor-element-4943d9c elementor-section-boxed elementor-section-height-default elementor-section-height-default\" data-id=\"4943d9c\" data-element_type=\"section\" data-e-type=\"section\">\n\t\t\t\t\t\t<div class=\"elementor-container elementor-column-gap-default\">\n\t\t\t\t\t<div class=\"elementor-column elementor-col-100 elementor-top-column elementor-element elementor-element-4099e16\" data-id=\"4099e16\" data-element_type=\"column\" data-e-type=\"column\">\n\t\t\t<div class=\"elementor-widget-wrap elementor-element-populated\">\n\t\t\t\t\t\t<div class=\"elementor-element elementor-element-dd85669 elementor-widget elementor-widget-heading\" data-id=\"dd85669\" data-element_type=\"widget\" data-e-type=\"widget\" data-widget_type=\"heading.default\">\n\t\t\t\t<div class=\"elementor-widget-container\">\n\t\t\t\t\t<h2 class=\"elementor-heading-title elementor-size-default\">AUTORIZACI\u00d3N PARA EL TRATAMIENTO DE DATOS PERSONALES DE LOS PARTICIPANTES EN EL PROCESO DE\nSELECCI\u00d3N ADELANTADO POR TRIDENSA S.A.S<\/h2>\t\t\t\t<\/div>\n\t\t\t\t<\/div>\n\t\t\t\t<div class=\"elementor-element elementor-element-f8f3971 elementor-widget elementor-widget-text-editor\" data-id=\"f8f3971\" data-element_type=\"widget\" data-e-type=\"widget\" data-widget_type=\"text-editor.default\">\n\t\t\t\t<div class=\"elementor-widget-container\">\n\t\t\t\t\t\t\t\t\t<p>La sociedad TRIDENSA S.A.S le informa que en cumplimiento de la Ley 1581 de 2012 \u201cPor la cual se dictan disposiciones generales para la protecci\u00f3n de datos personales\u201d y su Decreto Reglamentario 1377 de 2013, solicita la autorizaci\u00f3n para el tratamiento (recolectar, almacenar, usar procesar, compilar, intercambiar, disponer de la informaci\u00f3n suministrada y circular a terceros &#8211; incluidos pero no limitado a clientes y terceros que apoyen el proceso de selecci\u00f3n) de los datos personales del participante en el proceso de selecci\u00f3n de personal, adelantado<br \/>por TRIDENSA S.A.S.<\/p><p>Los datos tratados por TRIDENSA S.A.S ser\u00e1n los siguientes: nombre, apellidos, fecha de nacimiento, tipo y n\u00famero de documento de identidad, direcci\u00f3n del domicilio, correo electr\u00f3nico, tel\u00e9fono fijo, tel\u00e9fono celular, ciudad de residencia. As\u00ed mismo, son susceptibles de Tratamiento, la hoja de vida, los resultados de los ex\u00e1menes de salud de ingreso, de las pruebas psicot\u00e9cnicas y de las entrevistas, y cualquier informaci\u00f3n asociada al proceso de selecci\u00f3n. Los anteriores datos personales de los que TRIDENSA S.A.S es responsable, podr\u00e1n ser utilizados por \u00e9sta para los siguientes fines:<\/p><p>\u2022 Incluir informaci\u00f3n suministrada en base de datos para tener un registro de la inscripci\u00f3n.<br \/>\u2022 Evaluar su idoneidad, atendiendo las caracter\u00edsticas de la vacante que se requiera contratar.<br \/>\u2022 Tener un registro de quienes se presentaron y quienes fueron descartados del proceso de selecci\u00f3n.<br \/>\u2022 Para citaci\u00f3n y aplicaci\u00f3n de pruebas y entrevistas.<br \/>\u2022 Para que funcionarios de TRIDENSA S.A.S o terceros realicen la evaluaci\u00f3n de las pruebas y entregar los datos a<br \/>terceros encargados de los procesos de selecci\u00f3n<br \/>\u2022 Para informar resultados generales del proceso de selecci\u00f3n en sus diferentes filtros.<br \/>\u2022 Para dejar registro de la asistencia a las pruebas y a la entrevista.<br \/>\u2022 Para recolectar, almacenar, conservar, usar, circular, transmitir y transferir la informaci\u00f3n y datos personales con<br \/>el fin de que TRIDENSA S.A.S o terceros posibles empleadores que est\u00e9n interesados en su hoja de vida lo pueda<br \/>contactar para invitarlo a participar en eventuales futuros procesos de selecci\u00f3n de personal.<br \/>\u2022 Transmitir informaci\u00f3n personal a aliados comerciales de TRIDENSA S.A.S o terceros que puedan contactarle de<br \/>manera directa con informaci\u00f3n relevante y\/o con el fin de ofrecerle productos o servicios de su inter\u00e9s.<br \/>\u2022 Para reportar informaci\u00f3n a las autoridades competentes en caso de que lo requieran.<br \/>\u2022 Para que los datos sean tratados directamente por TRIDENSA S.A.S o por alguno o algunos de sus encargados, y<br \/>para dejar un registro que contenga los siguientes datos: nombre y apellido, lugar de residencia, c\u00e9dula y tel\u00e9fono<br \/>con el fin de tener un soporte del proceso de selecci\u00f3n ante autoridades internas y externas<br \/>\u2022 Consultar, recolectar y usar informaci\u00f3n de car\u00e1cter personal y judicial (antecedentes)<br \/>\u2022 Verificar referencias con todas aquellas entidades que TRIDENSA S.A.S estime conveniente.<\/p><p>Como titular del dato personal, usted podr\u00e1 ejercer sus derechos a conocer actualizar, rectificar, modificar, acceder o solicitar la supresi\u00f3n de un dato o revocar la autorizaci\u00f3n otorgada, presentando petici\u00f3n, consulta o reclamo mediante comunicaci\u00f3n enviada al correo electr\u00f3nico <span style=\"color: #00ccff;\"><a style=\"color: #00ccff;\" href=\"mailto:informacion@tridensa.com.co\">informacion@tridensa.com.co<\/a>,<\/span> o mediante documento f\u00edsico enviado a la Gerencia de Talento Humano, especificando claramente los datos personales relacionados con su petici\u00f3n junto con la acci\u00f3n requerida por parte de TRIDENSA S.A.S En este link Politica de datos personales, encontrar\u00e1 el manual de pol\u00edticas de tratamiento de datos personales de TRIDENSA S.A.S En virtud de lo anterior usted AUTORIZA a TRIDENSA S.A.S a realizar el Tratamiento de sus datos personales y a verificar sus antecedentes de acuerdo a lo mencionado anteriormente.<\/p>\t\t\t\t\t\t\t\t<\/div>\n\t\t\t\t<\/div>\n\t\t\t\t\t<\/div>\n\t\t<\/div>\n\t\t\t\t\t<\/div>\n\t\t<\/section>\n\t\t\t\t<\/div>\n\t\t","protected":false},"excerpt":{"rendered":"<p>incio Politica de tratamiento de datos X AUTORIZACI\u00d3N PARA EL TRATAMIENTO DE DATOS PERSONALES DE LOS PARTICIPANTES EN EL PROCESO DE SELECCI\u00d3N ADELANTADO POR TRIDENSA S.A.S La sociedad TRIDENSA S.A.S le informa que en cumplimiento de la Ley 1581 de 2012 \u201cPor la cual se dictan disposiciones generales para la protecci\u00f3n de datos personales\u201d y &hellip; <\/p>\n<p class=\"link-more\"><a href=\"https:\/\/www.tridensa.com.co\/home\/politica-de-tratamiento-de-datos\/\" class=\"more-link\">Continuar leyendo<span class=\"screen-reader-text\"> \u00abPolitica de tratamiento de datos\u00bb<\/span><\/a><\/p>\n","protected":false},"author":1,"featured_media":0,"parent":0,"menu_order":0,"comment_status":"closed","ping_status":"closed","template":"elementor_header_footer","meta":{"_uag_custom_page_level_css":"","two_page_speed":[],"footnotes":""},"class_list":["post-608","page","type-page","status-publish","hentry"],"yoast_head":"<!-- This site is optimized with the Yoast SEO Premium plugin v26.4 (Yoast SEO v27.4) - https:\/\/yoast.com\/product\/yoast-seo-premium-wordpress\/ -->\n<title>Politica de tratamiento de datos - Tridensa S.A.S.<\/title>\n<meta name=\"robots\" content=\"noindex, follow\" \/>\n<meta property=\"og:locale\" content=\"es_ES\" \/>\n<meta property=\"og:type\" content=\"article\" \/>\n<meta property=\"og:title\" content=\"Politica de tratamiento de datos\" \/>\n<meta property=\"og:description\" content=\"incio Politica de tratamiento de datos X AUTORIZACI\u00d3N PARA EL TRATAMIENTO DE DATOS PERSONALES DE LOS PARTICIPANTES EN EL PROCESO DE SELECCI\u00d3N ADELANTADO POR TRIDENSA S.A.S La sociedad TRIDENSA S.A.S le informa que en cumplimiento de la Ley 1581 de 2012 \u201cPor la cual se dictan disposiciones generales para la protecci\u00f3n de datos personales\u201d y &hellip; Continuar leyendo &quot;Politica de tratamiento de datos&quot;\" \/>\n<meta property=\"og:url\" content=\"https:\/\/www.tridensa.com.co\/home\/politica-de-tratamiento-de-datos\/\" \/>\n<meta property=\"og:site_name\" content=\"Tridensa S.A.S.\" \/>\n<meta property=\"article:publisher\" content=\"https:\/\/www.facebook.com\/tridensa\" \/>\n<meta property=\"article:modified_time\" content=\"2023-02-08T20:55:55+00:00\" \/>\n<meta property=\"og:image\" content=\"https:\/\/www.tridensa.com.co\/wp-content\/uploads\/2023\/02\/logo-color.png\" \/>\n\t<meta property=\"og:image:width\" content=\"562\" \/>\n\t<meta property=\"og:image:height\" content=\"146\" \/>\n\t<meta property=\"og:image:type\" content=\"image\/png\" \/>\n<meta name=\"twitter:card\" content=\"summary_large_image\" \/>\n<meta name=\"twitter:label1\" content=\"Tiempo de lectura\" \/>\n\t<meta name=\"twitter:data1\" content=\"3 minutos\" \/>\n<script type=\"application\/ld+json\" class=\"yoast-schema-graph\">{\"@context\":\"https:\\\/\\\/schema.org\",\"@graph\":[{\"@type\":\"WebPage\",\"@id\":\"https:\\\/\\\/www.tridensa.com.co\\\/home\\\/politica-de-tratamiento-de-datos\\\/\",\"url\":\"https:\\\/\\\/www.tridensa.com.co\\\/home\\\/politica-de-tratamiento-de-datos\\\/\",\"name\":\"Politica de tratamiento de datos - Tridensa S.A.S.\",\"isPartOf\":{\"@id\":\"https:\\\/\\\/www.tridensa.com.co\\\/home\\\/#website\"},\"primaryImageOfPage\":{\"@id\":\"https:\\\/\\\/www.tridensa.com.co\\\/home\\\/politica-de-tratamiento-de-datos\\\/#primaryimage\"},\"image\":{\"@id\":\"https:\\\/\\\/www.tridensa.com.co\\\/home\\\/politica-de-tratamiento-de-datos\\\/#primaryimage\"},\"thumbnailUrl\":\"https:\\\/\\\/www.tridensa.com.co\\\/wp-content\\\/uploads\\\/2023\\\/02\\\/logo-color.png\",\"datePublished\":\"2023-02-08T19:59:10+00:00\",\"dateModified\":\"2023-02-08T20:55:55+00:00\",\"breadcrumb\":{\"@id\":\"https:\\\/\\\/www.tridensa.com.co\\\/home\\\/politica-de-tratamiento-de-datos\\\/#breadcrumb\"},\"inLanguage\":\"es\",\"potentialAction\":[{\"@type\":\"ReadAction\",\"target\":[\"https:\\\/\\\/www.tridensa.com.co\\\/home\\\/politica-de-tratamiento-de-datos\\\/\"]}]},{\"@type\":\"ImageObject\",\"inLanguage\":\"es\",\"@id\":\"https:\\\/\\\/www.tridensa.com.co\\\/home\\\/politica-de-tratamiento-de-datos\\\/#primaryimage\",\"url\":\"https:\\\/\\\/www.tridensa.com.co\\\/wp-content\\\/uploads\\\/2023\\\/02\\\/logo-color.png\",\"contentUrl\":\"https:\\\/\\\/www.tridensa.com.co\\\/wp-content\\\/uploads\\\/2023\\\/02\\\/logo-color.png\"},{\"@type\":\"BreadcrumbList\",\"@id\":\"https:\\\/\\\/www.tridensa.com.co\\\/home\\\/politica-de-tratamiento-de-datos\\\/#breadcrumb\",\"itemListElement\":[{\"@type\":\"ListItem\",\"position\":1,\"name\":\"Portada\",\"item\":\"https:\\\/\\\/www.tridensa.com.co\\\/home\\\/\"},{\"@type\":\"ListItem\",\"position\":2,\"name\":\"Politica de tratamiento de datos\"}]},{\"@type\":\"WebSite\",\"@id\":\"https:\\\/\\\/www.tridensa.com.co\\\/home\\\/#website\",\"url\":\"https:\\\/\\\/www.tridensa.com.co\\\/home\\\/\",\"name\":\"Tridensa S.A.S.\",\"description\":\"Servicios de limpieza para hogar, oficina y hoteles\",\"publisher\":{\"@id\":\"https:\\\/\\\/www.tridensa.com.co\\\/home\\\/#organization\"},\"potentialAction\":[{\"@type\":\"SearchAction\",\"target\":{\"@type\":\"EntryPoint\",\"urlTemplate\":\"https:\\\/\\\/www.tridensa.com.co\\\/home\\\/?s={search_term_string}\"},\"query-input\":{\"@type\":\"PropertyValueSpecification\",\"valueRequired\":true,\"valueName\":\"search_term_string\"}}],\"inLanguage\":\"es\"},{\"@type\":\"Organization\",\"@id\":\"https:\\\/\\\/www.tridensa.com.co\\\/home\\\/#organization\",\"name\":\"Tridensa Servicios Integrales S.A.S\",\"url\":\"https:\\\/\\\/www.tridensa.com.co\\\/home\\\/\",\"logo\":{\"@type\":\"ImageObject\",\"inLanguage\":\"es\",\"@id\":\"https:\\\/\\\/www.tridensa.com.co\\\/home\\\/#\\\/schema\\\/logo\\\/image\\\/\",\"url\":\"https:\\\/\\\/www.tridensa.com.co\\\/wp-content\\\/uploads\\\/2023\\\/02\\\/logo-color.png\",\"contentUrl\":\"https:\\\/\\\/www.tridensa.com.co\\\/wp-content\\\/uploads\\\/2023\\\/02\\\/logo-color.png\",\"width\":562,\"height\":146,\"caption\":\"Tridensa Servicios Integrales S.A.S\"},\"image\":{\"@id\":\"https:\\\/\\\/www.tridensa.com.co\\\/home\\\/#\\\/schema\\\/logo\\\/image\\\/\"},\"sameAs\":[\"https:\\\/\\\/www.facebook.com\\\/tridensa\",\"https:\\\/\\\/www.instagram.com\\\/tridensa_servicios\\\/\"]}]}<\/script>\n<!-- \/ Yoast SEO Premium plugin. -->","yoast_head_json":{"title":"Politica de tratamiento de datos - Tridensa S.A.S.","robots":{"index":"noindex","follow":"follow"},"og_locale":"es_ES","og_type":"article","og_title":"Politica de tratamiento de datos","og_description":"incio Politica de tratamiento de datos X AUTORIZACI\u00d3N PARA EL TRATAMIENTO DE DATOS PERSONALES DE LOS PARTICIPANTES EN EL PROCESO DE SELECCI\u00d3N ADELANTADO POR TRIDENSA S.A.S La sociedad TRIDENSA S.A.S le informa que en cumplimiento de la Ley 1581 de 2012 \u201cPor la cual se dictan disposiciones generales para la protecci\u00f3n de datos personales\u201d y &hellip; Continuar leyendo \"Politica de tratamiento de datos\"","og_url":"https:\/\/www.tridensa.com.co\/home\/politica-de-tratamiento-de-datos\/","og_site_name":"Tridensa S.A.S.","article_publisher":"https:\/\/www.facebook.com\/tridensa","article_modified_time":"2023-02-08T20:55:55+00:00","og_image":[{"width":562,"height":146,"url":"https:\/\/www.tridensa.com.co\/wp-content\/uploads\/2023\/02\/logo-color.png","type":"image\/png"}],"twitter_card":"summary_large_image","twitter_misc":{"Tiempo de lectura":"3 minutos"},"schema":{"@context":"https:\/\/schema.org","@graph":[{"@type":"WebPage","@id":"https:\/\/www.tridensa.com.co\/home\/politica-de-tratamiento-de-datos\/","url":"https:\/\/www.tridensa.com.co\/home\/politica-de-tratamiento-de-datos\/","name":"Politica de tratamiento de datos - Tridensa S.A.S.","isPartOf":{"@id":"https:\/\/www.tridensa.com.co\/home\/#website"},"primaryImageOfPage":{"@id":"https:\/\/www.tridensa.com.co\/home\/politica-de-tratamiento-de-datos\/#primaryimage"},"image":{"@id":"https:\/\/www.tridensa.com.co\/home\/politica-de-tratamiento-de-datos\/#primaryimage"},"thumbnailUrl":"https:\/\/www.tridensa.com.co\/wp-content\/uploads\/2023\/02\/logo-color.png","datePublished":"2023-02-08T19:59:10+00:00","dateModified":"2023-02-08T20:55:55+00:00","breadcrumb":{"@id":"https:\/\/www.tridensa.com.co\/home\/politica-de-tratamiento-de-datos\/#breadcrumb"},"inLanguage":"es","potentialAction":[{"@type":"ReadAction","target":["https:\/\/www.tridensa.com.co\/home\/politica-de-tratamiento-de-datos\/"]}]},{"@type":"ImageObject","inLanguage":"es","@id":"https:\/\/www.tridensa.com.co\/home\/politica-de-tratamiento-de-datos\/#primaryimage","url":"https:\/\/www.tridensa.com.co\/wp-content\/uploads\/2023\/02\/logo-color.png","contentUrl":"https:\/\/www.tridensa.com.co\/wp-content\/uploads\/2023\/02\/logo-color.png"},{"@type":"BreadcrumbList","@id":"https:\/\/www.tridensa.com.co\/home\/politica-de-tratamiento-de-datos\/#breadcrumb","itemListElement":[{"@type":"ListItem","position":1,"name":"Portada","item":"https:\/\/www.tridensa.com.co\/home\/"},{"@type":"ListItem","position":2,"name":"Politica de tratamiento de datos"}]},{"@type":"WebSite","@id":"https:\/\/www.tridensa.com.co\/home\/#website","url":"https:\/\/www.tridensa.com.co\/home\/","name":"Tridensa S.A.S.","description":"Servicios de limpieza para hogar, oficina y hoteles","publisher":{"@id":"https:\/\/www.tridensa.com.co\/home\/#organization"},"potentialAction":[{"@type":"SearchAction","target":{"@type":"EntryPoint","urlTemplate":"https:\/\/www.tridensa.com.co\/home\/?s={search_term_string}"},"query-input":{"@type":"PropertyValueSpecification","valueRequired":true,"valueName":"search_term_string"}}],"inLanguage":"es"},{"@type":"Organization","@id":"https:\/\/www.tridensa.com.co\/home\/#organization","name":"Tridensa Servicios Integrales S.A.S","url":"https:\/\/www.tridensa.com.co\/home\/","logo":{"@type":"ImageObject","inLanguage":"es","@id":"https:\/\/www.tridensa.com.co\/home\/#\/schema\/logo\/image\/","url":"https:\/\/www.tridensa.com.co\/wp-content\/uploads\/2023\/02\/logo-color.png","contentUrl":"https:\/\/www.tridensa.com.co\/wp-content\/uploads\/2023\/02\/logo-color.png","width":562,"height":146,"caption":"Tridensa Servicios Integrales S.A.S"},"image":{"@id":"https:\/\/www.tridensa.com.co\/home\/#\/schema\/logo\/image\/"},"sameAs":["https:\/\/www.facebook.com\/tridensa","https:\/\/www.instagram.com\/tridensa_servicios\/"]}]}},"uagb_featured_image_src":{"full":false,"thumbnail":false,"medium":false,"medium_large":false,"large":false,"1536x1536":false,"2048x2048":false,"twentyseventeen-featured-image":false,"twentyseventeen-thumbnail-avatar":false,"mailpoet_newsletter_max":false,"tenweb_optimizer_mobile":false,"tenweb_optimizer_tablet":false,"woocommerce_thumbnail":false,"woocommerce_single":false,"woocommerce_gallery_thumbnail":false},"uagb_author_info":{"display_name":"tri2024","author_link":"https:\/\/www.tridensa.com.co\/home\/author\/tri2024\/"},"uagb_comment_info":0,"uagb_excerpt":"incio Politica de tratamiento de datos X AUTORIZACI\u00d3N PARA EL TRATAMIENTO DE DATOS PERSONALES DE LOS PARTICIPANTES EN EL PROCESO DE SELECCI\u00d3N ADELANTADO POR TRIDENSA S.A.S La sociedad TRIDENSA S.A.S le informa que en cumplimiento de la Ley 1581 de 2012 \u201cPor la cual se dictan disposiciones generales para la protecci\u00f3n de datos personales\u201d y&hellip;","jetpack_sharing_enabled":true,"_links":{"self":[{"href":"https:\/\/www.tridensa.com.co\/home\/wp-json\/wp\/v2\/pages\/608","targetHints":{"allow":["GET"]}}],"collection":[{"href":"https:\/\/www.tridensa.com.co\/home\/wp-json\/wp\/v2\/pages"}],"about":[{"href":"https:\/\/www.tridensa.com.co\/home\/wp-json\/wp\/v2\/types\/page"}],"author":[{"embeddable":true,"href":"https:\/\/www.tridensa.com.co\/home\/wp-json\/wp\/v2\/users\/1"}],"replies":[{"embeddable":true,"href":"https:\/\/www.tridensa.com.co\/home\/wp-json\/wp\/v2\/comments?post=608"}],"version-history":[{"count":0,"href":"https:\/\/www.tridensa.com.co\/home\/wp-json\/wp\/v2\/pages\/608\/revisions"}],"wp:attachment":[{"href":"https:\/\/www.tridensa.com.co\/home\/wp-json\/wp\/v2\/media?parent=608"}],"curies":[{"name":"wp","href":"https:\/\/api.w.org\/{rel}","templated":true}]}}